{"id":8,"date":"2014-10-19T00:17:08","date_gmt":"2014-10-18T21:17:08","guid":{"rendered":"http:\/\/www.salihcanakcioglu.com\/?page_id=8"},"modified":"2015-01-05T10:48:20","modified_gmt":"2015-01-05T08:48:20","slug":"hakkinda","status":"publish","type":"page","link":"http:\/\/www.salihcanakcioglu.com\/?page_id=8","title":{"rendered":"Hakk\u0131nda"},"content":{"rendered":"<p style=\"text-align: left;\" align=\"center\">1957 tarihinde \u0130stanbul&#8217;da do\u011fdum.\u0130lk,orta,lise ve \u00fcniversite e\u011fitimimi \u0130stanbul\u2019da tamamlad\u0131m.1981 y\u0131l\u0131nda \u0130.\u00dc.Cerrahpa\u015fa T\u0131p Fak\u00fcltesinden t\u0131p doktoru olarak mezun oldum.1982 y\u0131l\u0131nda Cerrahpa\u015fa t\u0131p fak\u00fcltesi K.B.B. klini\u011finde asistanl\u0131k d\u00f6nemine ba\u015flad\u0131m ve 1986 y\u0131l\u0131nda K.B.B. hastal\u0131klar\u0131 uzman\u0131 olarak klinikten ayr\u0131ld\u0131m.Askerlik g\u00f6revimi Bal\u0131kesir askeri hastanesinde 1987 y\u0131l\u0131nda bitirdim.\u0130ki y\u0131ll\u0131k mecburi hizmetimi Sivas numune hastanesinde K.B.B. uzman\u0131 olarak yapt\u0131m.1989 y\u0131l\u0131nda \u0130.\u00dc.Cerrahpa\u015fa t\u0131p fak\u00fcltesi K.B.B. anabilim dal\u0131nda ba\u015fasistan olarak akademik hayat\u0131ma ba\u015flad\u0131m.1990 senesinde do\u00e7ent ve 1996 senesinde profes\u00f6r oldum.Akademik \u00e7al\u0131\u015fmalar\u0131m\u0131 burun-sin\u00fcs hastal\u0131klar\u0131 ve alerjisi \u00fczerinde yo\u011funla\u015ft\u0131rd\u0131m.Bu konu ile ilgili 70\u2019in \u00fczerinde yerli ve yabanc\u0131 yay\u0131nlanm\u0131\u015f makale ve ara\u015ft\u0131rmalar\u0131m mevcuttur.Avrupa alerji derne\u011fi ve T\u00fcrk kulak burun bo\u011faz derne\u011fi \u00fcyesiyim.1999 y\u0131l\u0131nda Otorinolaringolojik alerji derne\u011fini kurdum ve K.B.B. alerjik hastal\u0131klar\u0131n\u0131n t\u00fcm hekimler d\u00fczeyinde geli\u015fmesine yard\u0131mc\u0131 olmak amac\u0131yla \u00a0e\u011fitim \u00e7al\u0131\u015fmalar\u0131n\u0131 bu derne\u011fin ba\u015fkan\u0131 olarak s\u00fcrd\u00fcrmekteyim. \u0130.\u00dc.Cerrahpa\u015fa t\u0131p fak\u00fcltesi K.B.B. \u00f6\u011fretim \u00fcyesi olarak g\u00f6revime devam etmekteyim.Evli ve iki \u00e7ocuk babas\u0131y\u0131m.<\/p>\n<p style=\"text-align: left;\" align=\"center\">\n","protected":false},"excerpt":{"rendered":"<p>1957 tarihinde \u0130stanbul&#8217;da do\u011fdum.\u0130lk,orta,lise ve \u00fcniversite e\u011fitimimi \u0130stanbul\u2019da tamamlad\u0131m.1981 y\u0131l\u0131nda \u0130.\u00dc.Cerrahpa\u015fa T\u0131p Fak\u00fcltesinden t\u0131p doktoru olarak mezun oldum.1982 y\u0131l\u0131nda Cerrahpa\u015fa t\u0131p fak\u00fcltesi K.B.B. klini\u011finde asistanl\u0131k d\u00f6nemine ba\u015flad\u0131m ve 1986 y\u0131l\u0131nda K.B.B. hastal\u0131klar\u0131 uzman\u0131 olarak klinikten ayr\u0131ld\u0131m.Askerlik g\u00f6revimi Bal\u0131kesir askeri hastanesinde 1987 y\u0131l\u0131nda bitirdim.\u0130ki y\u0131ll\u0131k mecburi hizmetimi Sivas numune hastanesinde K.B.B. uzman\u0131 olarak yapt\u0131m.1989 y\u0131l\u0131nda \u0130.\u00dc.Cerrahpa\u015fa [&hellip;]<\/p>\n","protected":false},"author":1,"featured_media":0,"parent":0,"menu_order":0,"comment_status":"closed","ping_status":"closed","template":"page-full-width.php","meta":{"footnotes":""},"class_list":["post-8","page","type-page","status-publish","hentry"],"_links":{"self":[{"href":"http:\/\/www.salihcanakcioglu.com\/index.php?rest_route=\/wp\/v2\/pages\/8","targetHints":{"allow":["GET"]}}],"collection":[{"href":"http:\/\/www.salihcanakcioglu.com\/index.php?rest_route=\/wp\/v2\/pages"}],"about":[{"href":"http:\/\/www.salihcanakcioglu.com\/index.php?rest_route=\/wp\/v2\/types\/page"}],"author":[{"embeddable":true,"href":"http:\/\/www.salihcanakcioglu.com\/index.php?rest_route=\/wp\/v2\/users\/1"}],"replies":[{"embeddable":true,"href":"http:\/\/www.salihcanakcioglu.com\/index.php?rest_route=%2Fwp%2Fv2%2Fcomments&post=8"}],"version-history":[{"count":2,"href":"http:\/\/www.salihcanakcioglu.com\/index.php?rest_route=\/wp\/v2\/pages\/8\/revisions"}],"predecessor-version":[{"id":23,"href":"http:\/\/www.salihcanakcioglu.com\/index.php?rest_route=\/wp\/v2\/pages\/8\/revisions\/23"}],"wp:attachment":[{"href":"http:\/\/www.salihcanakcioglu.com\/index.php?rest_route=%2Fwp%2Fv2%2Fmedia&parent=8"}],"curies":[{"name":"wp","href":"https:\/\/api.w.org\/{rel}","templated":true}]}}