{"id":50,"date":"2014-11-09T00:54:28","date_gmt":"2014-11-08T22:54:28","guid":{"rendered":"http:\/\/www.salihcanakcioglu.com\/?page_id=50"},"modified":"2015-01-05T10:47:50","modified_gmt":"2015-01-05T08:47:50","slug":"sunumlar","status":"publish","type":"page","link":"http:\/\/www.salihcanakcioglu.com\/?page_id=50","title":{"rendered":"Sunumlar"},"content":{"rendered":"<div style=\"width: 546px;\">\n<p><span style=\"color: #00ff00;\"><strong style=\"display: block; margin: 12px 0 4px;\"><a style=\"color: #00ff00;\" title=\"\u0130LA\u00c7 ALERJ\u0130S\u0130 PROF DR. SAL\u0130H \u00c7ANAK\u00c7IO\u011eLU DR. Y\u00dcKSEL SARICALI DR. Y\u00dcKSEL SARICALI.\">\u0130LA\u00c7 ALERJ\u0130S\u0130 PROF DR. SAL\u0130H \u00c7ANAK\u00c7IO\u011eLU DR. Y\u00dcKSEL SARICALI DR. Y\u00dcKSEL SARICALI.<\/a><\/strong><iframe loading=\"lazy\" style=\"border: 1px solid #CCC; border-width: 1px 1px 0;\" src=\"http:\/\/player.slideplayer.biz.tr\/7\/1980589\/\" width=\"546\" height=\"460\" frameborder=\"0\" marginwidth=\"0\" marginheight=\"0\" scrolling=\"no\" allowfullscreen=\"allowfullscreen\"><\/iframe><\/span><\/p>\n<div style=\"padding: 5px 0 12px;\"><span style=\"color: #00ff00;\">Sunum notlar\u0131 i\u00e7in <a style=\"color: #00ff00;\" href=\"http:\/\/www.salihcanakcioglu.com\/wp-content\/uploads\/\u0130la\u00e7-Alerjisi-Sunum-Notlari.txt\" target=\"_blank\">t\u0131klay\u0131n\u0131z<\/a>.<\/span><\/div>\n<\/div>\n","protected":false},"excerpt":{"rendered":"<p>\u0130LA\u00c7 ALERJ\u0130S\u0130 PROF DR. SAL\u0130H \u00c7ANAK\u00c7IO\u011eLU DR. Y\u00dcKSEL SARICALI DR. Y\u00dcKSEL SARICALI. Sunum notlar\u0131 i\u00e7in t\u0131klay\u0131n\u0131z.<\/p>\n","protected":false},"author":1,"featured_media":0,"parent":0,"menu_order":0,"comment_status":"closed","ping_status":"closed","template":"page-full-width.php","meta":{"footnotes":""},"class_list":["post-50","page","type-page","status-publish","hentry"],"_links":{"self":[{"href":"http:\/\/www.salihcanakcioglu.com\/index.php?rest_route=\/wp\/v2\/pages\/50","targetHints":{"allow":["GET"]}}],"collection":[{"href":"http:\/\/www.salihcanakcioglu.com\/index.php?rest_route=\/wp\/v2\/pages"}],"about":[{"href":"http:\/\/www.salihcanakcioglu.com\/index.php?rest_route=\/wp\/v2\/types\/page"}],"author":[{"embeddable":true,"href":"http:\/\/www.salihcanakcioglu.com\/index.php?rest_route=\/wp\/v2\/users\/1"}],"replies":[{"embeddable":true,"href":"http:\/\/www.salihcanakcioglu.com\/index.php?rest_route=%2Fwp%2Fv2%2Fcomments&post=50"}],"version-history":[{"count":1,"href":"http:\/\/www.salihcanakcioglu.com\/index.php?rest_route=\/wp\/v2\/pages\/50\/revisions"}],"predecessor-version":[{"id":51,"href":"http:\/\/www.salihcanakcioglu.com\/index.php?rest_route=\/wp\/v2\/pages\/50\/revisions\/51"}],"wp:attachment":[{"href":"http:\/\/www.salihcanakcioglu.com\/index.php?rest_route=%2Fwp%2Fv2%2Fmedia&parent=50"}],"curies":[{"name":"wp","href":"https:\/\/api.w.org\/{rel}","templated":true}]}}