{"id":18,"date":"2014-11-08T23:06:28","date_gmt":"2014-11-08T21:06:28","guid":{"rendered":"http:\/\/www.salihcanakcioglu.com\/?page_id=18"},"modified":"2015-01-05T10:47:23","modified_gmt":"2015-01-05T08:47:23","slug":"prof-dr-salih-canakcioglu-yayinlar","status":"publish","type":"page","link":"http:\/\/www.salihcanakcioglu.com\/?page_id=18","title":{"rendered":"Yay\u0131nlar"},"content":{"rendered":"<h2><span style=\"color: #ff0000;\"><strong>Prof. Dr. Salih \u00c7ANAK\u00c7IO\u011eLU<\/strong><\/span><\/h2>\n<h2><\/h2>\n<p>&nbsp;<\/p>\n<p><span style=\"color: #ffff00;\"><strong>YERLI YAYINLAR<\/strong><\/span><\/p>\n<ol>\n<li>Tahamiler R., Sar\u0131tzal\u0131 G., \u00c7anak\u00e7\u0131o\u011flu S., Alerjik Rinitli Hastalarda Nazal Histamin Ve Alerjen Provokasyonunun Kar\u015f\u0131la\u015ft\u0131r\u0131lmas\u0131, 2007 KBB \u0130htisas Dergisi, Say\u0131\/Sayfa : 2007;17(1):30-36<\/li>\n<li>Tahamiler R., Yener M., \u00c7anak\u00e7\u0131o\u011flu S., G\u00fcnl\u00fck Rutini Bozmadan Uzaktan Nazal Sikl\u00fcs De\u011ferlendirmesi, 2007 T\u00fcrk Otorinolarengoloji XXIX Ulusal Kongre \u00d6zetleri, Say\u0131\/Sayfa : EP-123<\/li>\n<li>Tahamiler R., Edizer D.T., \u00c7anak\u00e7\u0131o\u011flu S., Kronik Sin\u00fczitte Rinosin\u00fczit Etkilenme \u0130ndeksi\u2019nin Ge\u00e7erlili\u011fi, 2007 KBB \u0130htisas Dergisi, Say\u0131\/Sayfa : 2007;17(3):138-142<\/li>\n<li>\u00c7anak\u00e7\u0131o\u011flu S., Duman C., Alerjik Rinit Ve Epistaksis, 2007 T\u00fcrkiye Kliniklieri KBB Dergisi, Say\u0131\/Sayfa : 2007, 3(10):20-22<\/li>\n<li>Tahamiler R., Yener M., \u00c7anak\u00e7\u0131o\u011flu S., Alerjik Rinitli Hastlrd Serum Ve Nazal Eozinofilik Katyonik Proteinin Imm\u00fcnoterapi Etkinli\u011finin De\u011ferlndrlmsndk Rol\u00fc, 2006 KBB \u0130htisas Dergisi, Say\u0131\/Sayfa : 2006;16(4):155-159<\/li>\n<li>\u00c7anak\u00e7\u0131o\u011flu S., Alerjik Rinosin\u00fczitler,Klinik Geli\u015fim 18 (1) &#8211; (57-64) 2005. <a href=\"http:\/\/www.salihcanakcioglu.com\/wp-content\/uploads\/09_Alerjik_rinosin_zitler.pdf\" target=\"_blank\"><span style=\"color: #ffff00;\">\u0130ND\u0130R<\/span><\/a>.<\/li>\n<li>Derek\u00f6yl\u00fc L., \u00c7anak\u00e7\u0131o\u011flu S., Mamak A., G\u00fcven\u00e7 M. G., Banitahmaseb A., Enver \u00d6., Nazal Polipozisli Hastalarda Yaiam Kalitesinin Klinik Ve Laboratuvar Veriler \u0130le De\u011ferlendirilmesi 2003 T\u00fcrk Otorinolarengoloji XXVII.Ulusal Kongresi \u00d6zetleri, Say\u0131\/Sayfa : 0189<\/li>\n<li>Tahamiler R., \u00c7anak\u00e7\u0131o\u011flu S., Kronik Rinosin\u00fczit De\u011ferlendirmesinde Rhinosinusitis Disability Index(Rsdi)\u0130n Yeri, 2003 T\u00fcrk Otorinolarengoloji XXVII.Ulusal Kongresi \u00d6zetleri, Say\u0131\/Sayfa : P-0076<\/li>\n<li>Tahamiler R., \u00c7anak\u00e7\u0131o\u011flu S., Y\u0131lmaz N., Alerjik Ve Non-Alerjik Rinit Olgular\u0131nda Sitolojik Bulgular\u0131n Tan\u0131 De\u011feri, 2003 KBB Postas\u0131, Say\u0131\/Sayfa : 2003 13\/2 Syf 70-71<\/li>\n<li>\u00d6zmen, M., Yal\u00e7\u0131n, D., \u00c7anak\u00e7\u0131o\u011flu, S., Allerjik Hastalarda Psikiyatrik Morbidite, Yeni Symposium, 38 (3): 88-91, 2000. <a href=\"http:\/\/www.salihcanakcioglu.com\/wp-content\/uploads\/ys2000_38_3_2.pdf\" target=\"_blank\"><span style=\"color: #ffff00;\">\u0130ND\u0130R<\/span><\/a>.<\/li>\n<li>\u00c7anak\u00e7\u0131o\u011flu S., Tahami R.V., S\u00fcrekli Allerjik Rinit&#8217;te Ev Tozlar\u0131 Keneleri \u0130mm\u00fcnoterapisinde Serumda Spesifik \u0130gg De\u011fi\u015fimleri, 1997 Kulak Burun Bo\u011faz Ve Ba\u015f Boyun Cerrahisi Dergisi, Say\u0131\/Sayfa : C:5 S:1 Syf:37<\/li>\n<li>\u00c7anak\u00e7\u0131o\u011flu S., K\u00fc\u00e7\u00fck \u0130., \u00c7amur \u00d6., Papila \u0130.,, Perinnial Allerjik Rinitte Budenosid Ile Beclomethazone Dipropionat Tedavisi Sonu\u00e7lar\u0131n\u0131n Klinik Kar\u015f\u0131la\u015ft\u0131r\u0131lmas\u0131, 1996 T\u00fcrk Otolarengoloji Ar\u015fivi, Say\u0131\/Sayfa : 34(1)\/10-13<\/li>\n<li>\u00c7anak\u00e7\u0131o\u011flu S., \u00c7amur \u00d6., K\u00fc\u00e7\u00fck \u0130., Perennial Allerjik Ve Nonallerjik Rinitli Hastalarda Flunisolide Tedavisi, 1996 T\u00fcrk Otolarengoloji Ar\u015fivi, Say\u0131\/Sayfa : 34(1)\/14-18<\/li>\n<li>\u00c7anak\u00e7\u0131o\u011flu S., Papila \u0130., Cans\u0131z H., Sert \u0130., G\u00fcne\u015f M., \u015eekercio\u011flu N., Kafa Taban\u0131 Yerle\u015fimli Kordomalar1996 T\u00fcrk Otolarengoloji Ar\u015fivi, Say\u0131\/Sayfa : 34(2)\/148-151<\/li>\n<li>\u015eekercio\u011flu N., \u00c7anak\u00e7\u0131o\u011flu S., Cans\u0131z H., Papila \u0130., Sert \u0130., Tahami R., Movaffagni R., Midfasial Degloving Yakla\u015f\u0131mlar, 1996 T\u00fcrk Otolarengoloji Ar\u015fivi, Say\u0131\/Sayfa : 34(3)\/165-167<\/li>\n<li>\u015eekercio\u011flu N., \u00c7anak\u00e7\u0131o\u011flu S., Cans\u0131z H., Papila \u0130., Sert \u0130., Tahami R.V., Movaffagni R., Midfasial Degloving Yakla\u015f\u0131mlar, 1996 T\u00fcrk Otolarengoloji Ar\u015fivi, Say\u0131\/Sayfa : 34(3)\/165-167<\/li>\n<li>Cans\u0131z H., G\u00fcne\u015f M., Papila \u0130., \u00c7anak\u00e7\u0131o\u011flu S., \u015eekercio\u011flu N., Larengotrakeal Stenoz Ve Parsiyel Larenjektomilerde Rekonstr\u00fcksiyon: 94 Olguda Sonu\u00e7lar\u0131m\u0131, 1996 T\u00fcrk Otolarengoloji Ar\u015fivi, Say\u0131\/Sayfa : 34(4)\/299-305<\/li>\n<li>\u00c7anak\u00e7\u0131o\u011flu S., K\u00fc\u00e7\u00fck \u0130., S\u00fcrekli Allerjik Rinit&#8217;te Ev Tozu Keneleri Ile Yap\u0131lan \u0130mm\u00fcnoterapinin Klinik Sonu\u00e7lar\u0131, 1994 T\u00fcrk Otolarengoloji Ar\u015fivi, Say\u0131\/Sayfa : 32(1)\/15-20<\/li>\n<li>\u00c7anak\u00e7\u0131o\u011flu S., Y\u0131lmaz N.,Nazal Sitolojik De\u011ferlendirme1994 T\u00fcrk Otolarengoloji Ar\u015fiviSay\u0131\/Sayfa : 32(2)\/85-87\u00c7anak\u00e7\u0131o\u011flu S.,S\u00fcrekli Allerjik Rinit&#8217;te Disodyum Kromoglikat1994 T\u00fcrk Otolarengoloji Ar\u015fiviSay\u0131\/Sayfa : 32(3)\/160-162<\/li>\n<li>Y\u0131lmaz N., \u00c7anak\u00e7\u0131o\u011flu S., Yaman M.,Allerjik Rinit Alt Gruplar\u0131nda Nasal Smear&#8217;de H\u00fccresel Elemanlar\u0131n De\u011ferlendirilmesi1994 T\u00fcrk Otolarengoloji Ar\u015fiviSay\u0131\/Sayfa : 32(4)\/200-202<\/li>\n<li>\u00c7anak\u00e7\u0131o\u011flu S., Bilici S.,Allerjik Rinitli Hastalarda T4, T8 Lenfosit Subgruplar\u0131n\u0131n De\u011ferlendirilmesi1993 Kulak Burun Bo\u011faz Ve Ba\u015f Boyun Cerrahisi DergisiSay\u0131\/Sayfa : 1(2)\/64-69. <span style=\"color: #ffff00;\"><a style=\"color: #ffff00;\" http:\/\/www.salihcanakcioglu.com\/wp-content\/uploads\/1993-1-2-64-69.pdf\">\u0130ND\u0130R<\/a><\/span>.<\/li>\n<li>\u00c7anak\u00e7\u0131o\u011flu S., K\u00fc\u00e7\u00fck \u0130., Y\u0131lmaz N.,Dermatophagoides Pteronyssinus Ve D. Farinae Antijenleri Ile Yap\u0131lan \u0130mm\u00fcnoterapinin Exvivo De\u011ferlendirilmesi1993 Kulak Burun Bo\u011faz Ve Ba\u015f Boyun Cerrahisi DergisiSay\u0131\/Sayfa : 1(3)\/115-119<\/li>\n<li>\u00c7anak\u00e7\u0131o\u011flu S., Bilici S.,Allerjik Rinitli Hastalarda T4, T8 Lenfosit Subgruplar\u0131n\u0131n De\u011ferlendirilmesi1993 Kulak Burun Bo\u011faz Ve Ba\u015f Boyun Cerrahisi DergisiSay\u0131\/Sayfa : C:1 S:2 Syf:64<\/li>\n<li>\u00c7anak\u00e7\u0131o\u011flu S., K\u00fc\u00e7\u00fck \u0130., Y\u0131lmaz N.,Dermatophagoides Pteronyssinus Ve D.Farinae Antijenleri \u0130le Yap\u0131lan \u0130mm\u00fcnoterapinin Exvivo De\u011ferlendirilmesi1993 Kulak Burun Bo\u011faz Ve Ba\u015f Boyun Cerrahisi DergisiSay\u0131\/Sayfa : C:1 S:2 Syf:115<\/li>\n<li>\u00c7anak\u00e7\u0131o\u011flu S., Papila \u0130.,Allerjik Rinit\u2019li Hastalarda Akci\u011fer Fonksiyonlar\u0131n\u0131n Durumu1992 T\u00fcrk Otolarengoloji Ar\u015fiviSay\u0131\/Sayfa : 30(1)\/37-38<\/li>\n<li>Papila \u0130., \u00c7anak\u00e7\u0131o\u011flu S., Eri\u015fir F., Altu\u011f T., K\u00fc\u00e7\u00fck \u0130.,Ani \u0130\u015fitme Kay\u0131plar\u0131nda Viral Etkenler1992 T\u00fcrk Otolarengoloji Ar\u015fiviSay\u0131\/Sayfa : 30(2)\/90-92<\/li>\n<li>\u00c7anak\u00e7\u0131o\u011flu S.,Sivas Ve Y\u00f6resinde Allerjik Rinitli Hastalarda Etyolojik Fakt\u00f6rler1992 T\u00fcrk Otolarengoloji Ar\u015fiviSay\u0131\/Sayfa : 30(2)\/93-95<\/li>\n<li>\u00c7anak\u00e7\u0131o\u011flu S.,Allerjik Rinitli Hastalarda Beklometazon Dipropiyonat Ve Ketotifen Tedavi Sonu\u00e7lar\u0131n\u0131n Kinik Kar\u015f\u0131la\u015ft\u0131r\u0131lmas\u01311992 T\u00fcrk Otolarengoloji Ar\u015fiviSay\u0131\/Sayfa : 30(3)\/154-157<\/li>\n<li>\u00c7anak\u00e7\u0131o\u011flu S., Y\u0131lmaz N., Oktar H.,Allerjik Rinitte Nazal Mukozada Ultrastr\u00fckt\u00fcrel De\u011fi\u015fimler1992 T\u00fcrk Otolarengoloji Ar\u015fiviSay\u0131\/Sayfa : 30(4)\/213-216<\/li>\n<li>\u00c7anak\u00e7\u0131o\u011flu S., Papila \u0130.,Allerjik Ve Non-Allerjik Rinitler1992 KBB Postas\u0131Say\u0131\/Sayfa : V:1 S:7 Syf:37<\/li>\n<li>Papila \u0130., Altu\u011f T., \u00c7amur \u00d6., \u00c7anak\u00e7\u0131o\u011flu S.,Total Larenjektomili Hastalarda Radyoterapi Sonras\u0131 Uygulanan Kemoterapi Protokollerinin Surye Etkisi1991 T\u00fcrk Otolarengoloji Ar\u015fiviSay\u0131\/Sayfa : 29(2)\/114-116<\/li>\n<li>\u00c7anak\u00e7\u0131o\u011flu S., Papila \u0130., Altu\u011f T., \u00c7amur \u00d6.,Ani \u0130\u015fitme Kay\u0131plar\u0131n\u0131n De\u011ferlendirilmesi1991 T\u00fcrk Otolarengoloji Ar\u015fiviSay\u0131\/Sayfa : 29(3-4)\/142-144<\/li>\n<li>\u00c7anak\u00e7\u0131o\u011flu S., Papila \u0130.,Allerjik Rinit&#8217;lerde Topik Steroidler1991 KBB Postas\u0131Say\u0131\/Sayfa : S:1 V:3 Syf:38-39-40<\/li>\n<li>Altu\u011f T., \u00c7anak\u00e7\u0131o\u011flu S., Devrano\u011flu \u0130.,Allerjik Rinitlerde Klinik Etiolojik \u0130n Vitro Ve Spyrometrik \u00c7al\u0131\u015fma Sonu\u00e7lar\u01311989 T\u00fcrk Otolarengoloji Ar\u015fiviSay\u0131\/Sayfa : 27(3)\/140-142<\/li>\n<\/ol>\n<p>&nbsp;<\/p>\n<p><span style=\"color: #ffff00;\"><strong>YABANCI YAYINLAR<\/strong><\/span><\/p>\n<ol>\n<li>Tahamiler R, Saritzali G, Canakcioglu S, Ozcora E, Dirican A.Comparison Of The Long-Term Efficacy Of Subcutaneous And SublingualImmunotherapies In Perennial Rhinitis.ORL J Otorhinolaryngol Relat Spec. 2008;70(3):144-50. Epub 2008 Apr 8.PMID: 18391573 [Pubmed &#8211; Indexed For MEDLINE]<\/li>\n<li>Tahamiler R, Yener M, Canakcioglu S.Efficacy Of Odiosoft-Rhino In Assessment Of Nasal Obstruction: A ComparativeStudy With Acoustic Rhinometry After Treatment With Budesonide Nasal Spray InPatients With Perennial Allergic Rhinitis.Am J Rhinol. 2007 Nov-Dec;21(6):711-5.PMID: 18201452 [Pubmed &#8211; Indexed For MEDLINE]<\/li>\n<li>Tahamiler R, Edizer DT, Canak\u00e7io\u011flu S.[The Validity Of The Rhinosinusitis Disability Index In Chronic Sinusitis]Kulak Burun Bogaz Ihtis Derg. 2007;17(3):138-42. Turkish.PMID: 17873503 [Pubmed &#8211; Indexed For MEDLINE]<\/li>\n<li>Tahamiler R, Edizer DT, Canakcioglu S, Dirican A.Odiosoft-Rhino Versus Rhinomanometry In Healthy Subjects.Acta Otolaryngol. 2008 Feb;128(2):181-5.PMID: 17851952 [Pubmed &#8211; Indexed For MEDLINE]<\/li>\n<li>Tahamiler R, Canakcioglu S, Yilmaz S, Dirican A.Expiratory Nasal Sound Analysis As A New Method For Evaluation Of NasalObstruction In Patients With Nasal Septal Deviation: Comparison Of ExpiratoryNasal Sounds From Both Deviated And Normal Nasal Cavity.J Laryngol Otol. 2008 Feb;122(2):150-4. Epub 2007 Jun 25.PMID: 17592665 [Pubmed &#8211; Indexed For MEDLINE]<\/li>\n<li>Tahamiler R, Canakcioglu S, Ogreden S, Acioglu E.The Accuracy Of Symptom-Based Definition Of Chronic Rhinosinusitis.Allergy. 2007 Sep;62(9):1029-32. Epub 2007 Jun 18.PMID: 17578495 [Pubmed &#8211; Indexed For MEDLINE]<\/li>\n<li>Tahamiler R, Saritzali G, Canakcioglu S.Long-Term Efficacy Of Sublingual Immunotherapy In Patients With PerennialRhinitis.Laryngoscope. 2007 Jun;117(6):965-9.PMID: 17545861 [Pubmed &#8211; Indexed For MEDLINE]<\/li>\n<li>Tahamiler R, Saritzali G, Canak\u00e7io\u011flu S.[Comparison Of Nasal Histamine And Allergen Provocations In Patients WithAllergic Rhinitis]Kulak Burun Bogaz Ihtis Derg. 2007;17(1):30-6. Turkish.PMID: 17483609 [Pubmed &#8211; Indexed For MEDLINE]<\/li>\n<li>Tezer MS, Tahamiler R, Canak\u00e7io\u011flu S.Computed Tomography Findings In Chronic Rhinosinusitis Patients With And WithoutAllergy.Asian Pac J Allergy Immunol. 2006 Jun-Sep;24(2-3):123-7.PMID: 17136877 [Pubmed &#8211; Indexed For MEDLINE]<\/li>\n<li>Tahamiler R, Edizer DT, Canakcioglu S, Guvenc MG, Inci E, Dirican A.Nasal Sound Analysis: A New Method For Evaluating Nasal Obstruction In AllergicRhinitis.Laryngoscope. 2006 Nov;116(11):2050-4.PMID: 17075412 [Pubmed &#8211; Indexed For MEDLINE]<\/li>\n<li>Tahamiler R, Yener M, Canak\u00e7io\u011flu S.[The Use Of Serum And Nasal Eosinophilic Cationic Protein In The Evaluation OfThe Effectiveness Of Immunotherapy In Patients With Allergic Rhinitis]Kulak Burun Bogaz Ihtis Derg. 2006;16(4):155-9. Turkish.PMID: 16905905 [Pubmed &#8211; Indexed For MEDLINE]<\/li>\n<li>Tahamiler R, Edizer DT, Canakcioglu S.Nasal Expiratory Sound Analysis In Healthy People.Otolaryngol Head Neck Surg. 2006 Apr;134(4):605-8.PMID: 16564381 [Pubmed &#8211; Indexed For MEDLINE]<\/li>\n<li>Derek\u00f6yl\u00fc L, Canak\u00e7io\u011flu S, Mamak A, G\u00fcven\u00e7 MG, Banitahmaseb A.[Quality Of Life Assessment With The Use Of The SF-36 In Patients With NasalPolyposis: Correlations With Clinical And Laboratory Findings]Kulak Burun Bogaz Ihtis Derg. 2003 Sep;11(3):72-9. Turkish.PMID: 14699247 [Pubmed &#8211; Indexed For MEDLINE]<\/li>\n<\/ol>\n","protected":false},"excerpt":{"rendered":"<p>Prof. Dr. Salih \u00c7ANAK\u00c7IO\u011eLU &nbsp; YERLI YAYINLAR Tahamiler R., Sar\u0131tzal\u0131 G., \u00c7anak\u00e7\u0131o\u011flu S., Alerjik Rinitli Hastalarda Nazal Histamin Ve Alerjen Provokasyonunun Kar\u015f\u0131la\u015ft\u0131r\u0131lmas\u0131, 2007 KBB \u0130htisas Dergisi, Say\u0131\/Sayfa : 2007;17(1):30-36 Tahamiler R., Yener M., \u00c7anak\u00e7\u0131o\u011flu S., G\u00fcnl\u00fck Rutini Bozmadan Uzaktan Nazal Sikl\u00fcs De\u011ferlendirmesi, 2007 T\u00fcrk Otorinolarengoloji XXIX Ulusal Kongre \u00d6zetleri, Say\u0131\/Sayfa : EP-123 Tahamiler R., Edizer [&hellip;]<\/p>\n","protected":false},"author":1,"featured_media":0,"parent":0,"menu_order":0,"comment_status":"closed","ping_status":"closed","template":"page-full-width.php","meta":{"footnotes":""},"class_list":["post-18","page","type-page","status-publish","hentry"],"_links":{"self":[{"href":"http:\/\/www.salihcanakcioglu.com\/index.php?rest_route=\/wp\/v2\/pages\/18","targetHints":{"allow":["GET"]}}],"collection":[{"href":"http:\/\/www.salihcanakcioglu.com\/index.php?rest_route=\/wp\/v2\/pages"}],"about":[{"href":"http:\/\/www.salihcanakcioglu.com\/index.php?rest_route=\/wp\/v2\/types\/page"}],"author":[{"embeddable":true,"href":"http:\/\/www.salihcanakcioglu.com\/index.php?rest_route=\/wp\/v2\/users\/1"}],"replies":[{"embeddable":true,"href":"http:\/\/www.salihcanakcioglu.com\/index.php?rest_route=%2Fwp%2Fv2%2Fcomments&post=18"}],"version-history":[{"count":5,"href":"http:\/\/www.salihcanakcioglu.com\/index.php?rest_route=\/wp\/v2\/pages\/18\/revisions"}],"predecessor-version":[{"id":46,"href":"http:\/\/www.salihcanakcioglu.com\/index.php?rest_route=\/wp\/v2\/pages\/18\/revisions\/46"}],"wp:attachment":[{"href":"http:\/\/www.salihcanakcioglu.com\/index.php?rest_route=%2Fwp%2Fv2%2Fmedia&parent=18"}],"curies":[{"name":"wp","href":"https:\/\/api.w.org\/{rel}","templated":true}]}}